{"id":523,"date":"2020-09-08T08:19:09","date_gmt":"2020-09-08T06:19:09","guid":{"rendered":"http:\/\/mira-care.de\/?page_id=523"},"modified":"2025-06-21T19:19:11","modified_gmt":"2025-06-21T17:19:11","slug":"stellenausschreibungen","status":"publish","type":"page","link":"https:\/\/mira-care.de\/?page_id=523","title":{"rendered":"Stellenausschreibungen"},"content":{"rendered":"<div class=\"flex_column av_three_fifth  flex_column_div av-zero-column-padding first  avia-builder-el-0  el_before_av_two_fifth  avia-builder-el-first  \" style='border-radius:0px; '><section class=\"av_textblock_section \"  itemscope=\"itemscope\" itemtype=\"https:\/\/schema.org\/CreativeWork\" ><div class='avia_textblock  '   itemprop=\"text\" ><h3 data-start=\"140\" data-end=\"176\"><strong data-start=\"144\" data-end=\"176\">Pflege, die z\u00e4hlt \u2013 mit dir.<\/strong><\/h3>\n<p data-start=\"178\" data-end=\"387\">Bei Mira-Care steht der Mensch im Mittelpunkt \u2013 ob Pflegebed\u00fcrftige oder Kolleg*innen.<br data-start=\"264\" data-end=\"267\" \/>Ein offenes Ohr, echte Zuwendung und ein kurzer Schnack geh\u00f6ren bei uns genauso dazu wie Fachlichkeit und Verantwortung.<\/p>\n<p data-start=\"389\" data-end=\"535\">Besonders wichtig ist uns: <strong data-start=\"416\" data-end=\"430\">Teamgeist.<\/strong><br data-start=\"430\" data-end=\"433\" \/>Denn gute Pflege funktioniert nur, wenn man sich aufeinander verlassen kann \u2013 menschlich wie fachlich.<\/p>\n<p data-start=\"537\" data-end=\"689\">Du willst mit Herz und Haltung pflegen \u2013 und dabei wirklich etwas bewirken?<br data-start=\"612\" data-end=\"615\" \/>Dann werde Teil unseres Teams. Denn gute Pflege braucht Menschen wie dich.<\/p>\n<p data-start=\"537\" data-end=\"689\">\n<p data-start=\"537\" data-end=\"689\">Wir suchen:<\/p>\n<\/div><\/section><\/div><div class=\"flex_column av_two_fifth  flex_column_div av-zero-column-padding   avia-builder-el-2  el_after_av_three_fifth  el_before_av_toggle_container  \" style='border-radius:0px; '><div  class='avia-image-container  av-styling-    avia-builder-el-3  avia-builder-el-no-sibling  avia-align-center '  itemprop=\"image\" itemscope=\"itemscope\" itemtype=\"https:\/\/schema.org\/ImageObject\"  ><div class='avia-image-container-inner'><div class='avia-image-overlay-wrap'><img class='avia_image' src='https:\/\/mira-care.de\/wp-content\/uploads\/2020\/09\/wirsuchendich-300x156.png' alt='' title='wirsuchendich' height=\"156\" width=\"300\"  itemprop=\"thumbnailUrl\"  \/><\/div><\/div><\/div><\/div><\/p>\n<div  class=\"togglecontainer   toggle_close_all  avia-builder-el-4  el_after_av_two_fifth  avia-builder-el-last \" >\n<section class=\"av_toggle_section\"  itemscope=\"itemscope\" itemtype=\"https:\/\/schema.org\/CreativeWork\"  >    <div role=\"tablist\" class=\"single_toggle\" data-tags=\"{Alle} \"  >        <p data-fake-id=\"#toggle-id-1\" class=\"toggler \"  itemprop=\"headline\"    role=\"tab\" tabindex=\"0\" aria-controls=\"toggle-id-1-container\"><b>Examinierte Pflegefachkraft (m\/w\/d) in Teilzeit oder als Minijob<\/b><span class=\"toggle_icon\" >        <span class=\"vert_icon\"><\/span><span class=\"hor_icon\"><\/span><\/span><\/p>        <div id=\"toggle-id-1-container\" class=\"toggle_wrap \"  >            <div class=\"toggle_content invers-color \"  itemprop=\"text\"   ><p>Was dich bei uns erwartet:<\/p>\n<ul>\n<li>Ein fester Platz in unserem Team \u2013 mit unbefristeter Teilzeitstelle oder als Minijob<\/li>\n<li>Faire Bezahlung, die deine Leistung wirklich wertsch\u00e4tzt<\/li>\n<li>Gen\u00fcgend Zeit f\u00fcr jeden Patienten \u2013 ohne Hetze, ohne Druck<\/li>\n<li>Ein herzliches, famili\u00e4res Team, das zusammenh\u00e4lt<\/li>\n<li>Eine Atmosph\u00e4re, in der man gern zur Arbeit kommt<\/li>\n<li>Flexible Arbeitszeiten, die zum Leben passen<\/li>\n<li>Dienstfahrzeuge f\u00fcr deinen Einsatz<\/li>\n<li>Vielf\u00e4ltige M\u00f6glichkeiten zur fachlichen Weiterentwicklung<\/li>\n<\/ul>\n<p>Was wir uns von dir w\u00fcnschen:<\/p>\n<ul>\n<li>Eine abgeschlossene Ausbildung in der Kinderkrankenpflege\/ Krankenpflege\/ Altenpflege, Gesundheits- &amp; Krankenpflege<\/li>\n<li>Freude am Beruf, Teamgeist und ein offenes Herz f\u00fcr Menschen<\/li>\n<li>F\u00fchrerschein Klasse B<\/li>\n<\/ul>\n<p><strong data-start=\"881\" data-end=\"1018\">Wenn du in einem Umfeld arbeiten m\u00f6chtest, das Menschlichkeit lebt und Wertsch\u00e4tzung sp\u00fcrbar macht \u2013 dann melde dich einfach bei uns.<\/strong><br data-start=\"1018\" data-end=\"1021\" \/>Ob per Telefon oder Mail: Wir freuen uns, dich kennenzulernen!<\/p>\n            <\/div>        <\/div>    <\/div><\/section>\n<section class=\"av_toggle_section\"  itemscope=\"itemscope\" itemtype=\"https:\/\/schema.org\/CreativeWork\"  >    <div role=\"tablist\" class=\"single_toggle\" data-tags=\"{Alle} \"  >        <p data-fake-id=\"#toggle-id-2\" class=\"toggler \"  itemprop=\"headline\"    role=\"tab\" tabindex=\"0\" aria-controls=\"toggle-id-2-container\"><b> Pflegekraft (m\/w\/d) in Teilzeit oder als Minijob<\/b><span class=\"toggle_icon\" >        <span class=\"vert_icon\"><\/span><span class=\"hor_icon\"><\/span><\/span><\/p>        <div id=\"toggle-id-2-container\" class=\"toggle_wrap \"  >            <div class=\"toggle_content invers-color \"  itemprop=\"text\"   ><p>Was dich bei uns erwartet:<\/p>\n<ul>\n<li>Ein fester Platz in unserem Team \u2013 mit unbefristeter Teilzeitstelle oder als Minijob<\/li>\n<li>Faire Bezahlung, die deine Leistung wirklich wertsch\u00e4tzt<\/li>\n<li>Gen\u00fcgend Zeit f\u00fcr jeden Patienten \u2013 ohne Hetze, ohne Druck<\/li>\n<li>Ein herzliches, famili\u00e4res Team, das zusammenh\u00e4lt<\/li>\n<li>Eine Atmosph\u00e4re, in der man gern zur Arbeit kommt<\/li>\n<li>Flexible Arbeitszeiten, die zum Leben passen<\/li>\n<li>Dienstfahrzeuge f\u00fcr deinen Einsatz<\/li>\n<li>Vielf\u00e4ltige M\u00f6glichkeiten zur fachlichen Weiterentwicklung<\/li>\n<\/ul>\n<p>Was wir uns von dir w\u00fcnschen:<\/p>\n<ul>\n<li>Du hast Freude am Beruf, Teamgeist und ein offenes Herz f\u00fcr Menschen<\/li>\n<li data-start=\"321\" data-end=\"372\">Du packst mit an und bist bereit, Neues zu lernen<\/li>\n<li data-start=\"321\" data-end=\"372\">Du bringst idealerweise erste Erfahrung in der Pflege mit<\/li>\n<li>Du hast einen F\u00fchrerschein Klasse B<\/li>\n<\/ul>\n<p><strong data-start=\"881\" data-end=\"1018\">Wenn du in einem Umfeld arbeiten m\u00f6chtest, das Menschlichkeit lebt und Wertsch\u00e4tzung sp\u00fcrbar macht \u2013 dann melde dich einfach bei uns.<\/strong><br data-start=\"1018\" data-end=\"1021\" \/>Ob per Telefon oder Mail: Wir freuen uns, dich kennenzulernen!<\/p>\n            <\/div>        <\/div>    <\/div><\/section>\n<\/div>\n","protected":false},"excerpt":{"rendered":"","protected":false},"author":1,"featured_media":0,"parent":0,"menu_order":0,"comment_status":"closed","ping_status":"closed","template":"","meta":{"footnotes":""},"class_list":["post-523","page","type-page","status-publish","hentry"],"_links":{"self":[{"href":"https:\/\/mira-care.de\/index.php?rest_route=\/wp\/v2\/pages\/523","targetHints":{"allow":["GET"]}}],"collection":[{"href":"https:\/\/mira-care.de\/index.php?rest_route=\/wp\/v2\/pages"}],"about":[{"href":"https:\/\/mira-care.de\/index.php?rest_route=\/wp\/v2\/types\/page"}],"author":[{"embeddable":true,"href":"https:\/\/mira-care.de\/index.php?rest_route=\/wp\/v2\/users\/1"}],"replies":[{"embeddable":true,"href":"https:\/\/mira-care.de\/index.php?rest_route=%2Fwp%2Fv2%2Fcomments&post=523"}],"version-history":[{"count":9,"href":"https:\/\/mira-care.de\/index.php?rest_route=\/wp\/v2\/pages\/523\/revisions"}],"predecessor-version":[{"id":1281,"href":"https:\/\/mira-care.de\/index.php?rest_route=\/wp\/v2\/pages\/523\/revisions\/1281"}],"wp:attachment":[{"href":"https:\/\/mira-care.de\/index.php?rest_route=%2Fwp%2Fv2%2Fmedia&parent=523"}],"curies":[{"name":"wp","href":"https:\/\/api.w.org\/{rel}","templated":true}]}}