{"id":257,"date":"2016-05-23T10:30:48","date_gmt":"2016-05-23T08:30:48","guid":{"rendered":"http:\/\/test.kriesi.at\/enfold-health-coach\/?page_id=257"},"modified":"2025-06-21T19:47:56","modified_gmt":"2025-06-21T17:47:56","slug":"services","status":"publish","type":"page","link":"https:\/\/mira-care.de\/?page_id=257","title":{"rendered":"Leistungen"},"content":{"rendered":"<div id='welcome'  class='av-layout-grid-container entry-content-wrapper main_color av-fixed-cells     avia-builder-el-0  el_before_av_section  avia-builder-el-first  container_wrap sidebar_right' style=' '  >\n<div class=\"flex_cell no_margin av_one_full  avia-builder-el-1  avia-builder-el-no-sibling   av-zero-padding \"  style='height:15px; min-height:15px;background: #5e2028; vertical-align:top; padding:0px; background-color:#5e2028; ' ><div class='flex_cell_inner' ><\/div><\/div>\n<\/div>\n<div id='av_section_1'  class='avia-section main_color avia-section-large avia-no-border-styling  avia-bg-style-scroll  avia-builder-el-2  el_after_av_layout_row  el_before_av_masonry_entries   container_wrap sidebar_right' style=' '  ><div class='container' ><div class='template-page content  av-content-small alpha units'><div class='post-entry post-entry-type-page post-entry-257'><div class='entry-content-wrapper clearfix'>\n<div  style='padding-bottom:20px; font-size:50px;' class='av-special-heading av-special-heading-h1  blockquote modern-quote modern-centered  avia-builder-el-3  el_before_av_hr  avia-builder-el-first  av-inherit-size '><h1 class='av-special-heading-tag '  itemprop=\"headline\"  >Unsere <u>Leistungen<\/u> <\/h1><div class='special-heading-border'><div class='special-heading-inner-border' ><\/div><\/div><\/div>\n<div  style='height:50px' class='hr hr-invisible   avia-builder-el-4  el_after_av_heading  el_before_av_one_half '><span class='hr-inner ' ><span class='hr-inner-style'><\/span><\/span><\/div>\n<div class=\"flex_column av_one_half  flex_column_div av-zero-column-padding first  avia-builder-el-5  el_after_av_hr  el_before_av_one_half  \" style='border-radius:0px; '><article  class=\"iconbox iconbox_left_content    avia-builder-el-6  avia-builder-el-no-sibling  \"  itemscope=\"itemscope\" itemtype=\"https:\/\/schema.org\/CreativeWork\" ><div class=\"iconbox_icon heading-color \" aria-hidden='true' data-av_icon='\ue82b' data-av_iconfont='entypo-fontello'  ><\/div><div class=\"iconbox_content\"><header class=\"entry-content-header\"><\/header><div class='iconbox_content_container  '  itemprop=\"text\"  ><h3 data-start=\"69\" data-end=\"100\"><strong data-start=\"73\" data-end=\"100\">Unsere Pflegeleistungen<\/strong><\/h3>\n<ul data-start=\"102\" data-end=\"477\">\n<li data-start=\"102\" data-end=\"205\">\n<p data-start=\"104\" data-end=\"205\"><strong data-start=\"104\" data-end=\"129\">Grundpflege (SGB XI):<\/strong> Unterst\u00fctzung im Alltag \u2013 z.\u202fB. bei K\u00f6rperpflege, Ern\u00e4hrung und Mobilit\u00e4t<\/p>\n<\/li>\n<li data-start=\"206\" data-end=\"289\">\n<p data-start=\"208\" data-end=\"289\"><strong data-start=\"208\" data-end=\"238\">Behandlungspflege (SGB V):<\/strong> Medizinische Versorgung auf \u00e4rztliche Verordnung<\/p>\n<\/li>\n<li data-start=\"290\" data-end=\"370\">\n<p data-start=\"292\" data-end=\"370\"><strong data-start=\"292\" data-end=\"316\">Verhinderungspflege:<\/strong> Entlastung f\u00fcr Angeh\u00f6rige bei Urlaub oder Krankheit<\/p>\n<\/li>\n<li data-start=\"371\" data-end=\"477\">\n<p data-start=\"373\" data-end=\"477\"><strong data-start=\"373\" data-end=\"406\">Krankenhausvermeidungspflege:<\/strong> Pflege zu Hause zur Vermeidung oder Verk\u00fcrzung eines Klinikaufenthalts<\/p>\n<\/li>\n<\/ul>\n<\/div><\/div><footer class=\"entry-footer\"><\/footer><\/article><\/div><div class=\"flex_column av_one_half  flex_column_div av-zero-column-padding   avia-builder-el-7  el_after_av_one_half  el_before_av_one_full  \" style='border-radius:0px; '><article  class=\"iconbox iconbox_left_content    avia-builder-el-8  avia-builder-el-no-sibling  \"  itemscope=\"itemscope\" itemtype=\"https:\/\/schema.org\/CreativeWork\" ><div class=\"iconbox_icon heading-color \" aria-hidden='true' data-av_icon='\ue81e' data-av_iconfont='entypo-fontello'  ><\/div><div class=\"iconbox_content\"><header class=\"entry-content-header\"><\/header><div class='iconbox_content_container  '  itemprop=\"text\"  ><h3 data-start=\"130\" data-end=\"162\"><strong data-start=\"134\" data-end=\"162\">Unsere Beratungsangebote<\/strong><\/h3>\n<ul data-start=\"164\" data-end=\"548\">\n<li data-start=\"164\" data-end=\"255\">\n<p data-start=\"166\" data-end=\"255\"><strong data-start=\"166\" data-end=\"206\">Anleitung &amp; Beratung f\u00fcr Angeh\u00f6rige:<\/strong> Praktische Tipps f\u00fcr den Pflegealltag zu Hause<\/p>\n<\/li>\n<li data-start=\"256\" data-end=\"369\">\n<p data-start=\"258\" data-end=\"369\"><strong data-start=\"258\" data-end=\"295\">Beratungsbesuche (\u00a7 37.3 SGB XI): <\/strong>Individuelle Pflegeberatung direkt bei Ihnen zu Hause.<\/p>\n<\/li>\n<li data-start=\"370\" data-end=\"457\">\n<p data-start=\"372\" data-end=\"457\"><strong data-start=\"372\" data-end=\"395\">Hilfe bei Antr\u00e4gen:<\/strong> Unterst\u00fctzung beim Ausf\u00fcllen von Pflege- und Kassenantr\u00e4gen<\/p>\n<\/li>\n<li data-start=\"458\" data-end=\"548\">\n<p data-start=\"460\" data-end=\"548\"><strong data-start=\"460\" data-end=\"480\">Kostenerkl\u00e4rung:<\/strong> Transparente Aufkl\u00e4rung zu Leistungen und Zuzahlungen<\/p>\n<\/li>\n<\/ul>\n<\/div><\/div><footer class=\"entry-footer\"><\/footer><\/article><\/div><div class=\"flex_column av_one_full  flex_column_div av-zero-column-padding first  avia-builder-el-9  el_after_av_one_half  avia-builder-el-last  column-top-margin\" style='border-radius:0px; '><article  class=\"iconbox iconbox_left_content    avia-builder-el-10  avia-builder-el-no-sibling  \"  itemscope=\"itemscope\" itemtype=\"https:\/\/schema.org\/CreativeWork\" ><div class=\"iconbox_icon heading-color \" aria-hidden='true' data-av_icon='\ue80c' data-av_iconfont='entypo-fontello'  ><\/div><div class=\"iconbox_content\"><header class=\"entry-content-header\"><\/header><div class='iconbox_content_container  '  itemprop=\"text\"  ><h3><strong>\u00a0<a href=\"https:\/\/mira-care.de\/?portfolio=mental-health\">Kooperationen<\/a><\/strong><\/h3>\n<p><img loading=\"lazy\" decoding=\"async\" class=\"alignnone wp-image-1283\" src=\"https:\/\/mira-care.de\/wp-content\/uploads\/2025\/06\/bad-Banner-300x253.png\" alt=\"\" width=\"111\" height=\"94\" srcset=\"https:\/\/mira-care.de\/wp-content\/uploads\/2025\/06\/bad-Banner-300x253.png 300w, https:\/\/mira-care.de\/wp-content\/uploads\/2025\/06\/bad-Banner.png 346w\" sizes=\"auto, (max-width: 111px) 100vw, 111px\" \/><\/p>\n<p><strong style=\"font-size: 20px;\" data-start=\"200\" data-end=\"242\">Starke Partnerschaft f\u00fcr starke Pflege\u00a0 \u00a0 \u00a0 \u00a0 \u00a0<\/strong><\/p>\n<p data-start=\"244\" data-end=\"370\">Mira-Care ist offizieller Kooperationspartner des <strong data-start=\"294\" data-end=\"369\">BAD e.V. \u2013 Bundesverband Ambulante Dienste und Station\u00e4re Einrichtungen<\/strong>.<\/p>\n<p data-start=\"372\" data-end=\"596\">Als Mitglied dieses unabh\u00e4ngigen Fachverbands profitieren wir von aktuellem Branchenwissen, rechtlicher Unterst\u00fctzung und einem starken Netzwerk \u2013 zum Wohl unserer Mitarbeiter*innen und der Menschen, die wir t\u00e4glich pflegen.<\/p>\n<p data-start=\"598\" data-end=\"720\">So stellen wir sicher, dass unsere Arbeit nicht nur menschlich, sondern auch fachlich immer auf dem neuesten Stand bleibt.<\/p>\n<\/div><\/div><footer class=\"entry-footer\"><\/footer><\/article><\/div><div id='av-masonry-1' class='av-masonry  noHover av-fixed-size av-large-gap av-hover-overlay-active av-masonry-animation-active av-masonry-col-3 av-caption-on-hover-hide av-caption-style-overlay    '  ><div class='av-masonry-container isotope av-js-disabled ' ><div class='av-masonry-entry isotope-item av-masonry-item-no-image '><\/div><a href=\"https:\/\/mira-care.de\/?portfolio=physical-health\" id='av-masonry-1-item-363' data-av-masonry-item='363' class='av-masonry-entry isotope-item post-363 portfolio type-portfolio status-publish has-post-thumbnail hentry portfolio_entries-service  av-masonry-item-with-image av-grid-img' title=\"Nursing Woman hugging senior citizen on home visit\"  itemscope=\"itemscope\" itemtype=\"https:\/\/schema.org\/CreativeWork\" ><div class='av-inner-masonry-sizer'><\/div><figure class='av-inner-masonry main_color'><div class=\"av-masonry-outerimage-container\"><div class=\"av-masonry-image-container\" style=\"background-image: url(https:\/\/mira-care.de\/wp-content\/uploads\/2016\/05\/93640483_m-705x470.jpg);\" title=\"Nursing Woman hugging senior citizen on home visit\" ><\/div><\/div><figcaption class='av-inner-masonry-content site-background'><div class='av-inner-masonry-content-pos'><div class='av-inner-masonry-content-pos-content'><div class='avia-arrow'><\/div><h3 class='av-masonry-entry-title entry-title '  itemprop=\"headline\" >Pflege<\/h3><\/div><\/div><\/figcaption><\/figure><\/a><!--end av-masonry entry--><a href=\"https:\/\/mira-care.de\/?portfolio=nutrition\" id='av-masonry-1-item-364' data-av-masonry-item='364' class='av-masonry-entry isotope-item post-364 portfolio type-portfolio status-publish has-post-thumbnail hentry portfolio_entries-service  av-masonry-item-with-image av-grid-img' title=\"Senior Couple Discussing Something to an Agent\"  itemscope=\"itemscope\" itemtype=\"https:\/\/schema.org\/CreativeWork\" ><div class='av-inner-masonry-sizer'><\/div><figure class='av-inner-masonry main_color'><div class=\"av-masonry-outerimage-container\"><div class=\"av-masonry-image-container\" style=\"background-image: url(https:\/\/mira-care.de\/wp-content\/uploads\/2016\/05\/41689841_m-705x470.jpg);\" title=\"Senior Couple Discussing Something to an Agent\" ><\/div><\/div><figcaption class='av-inner-masonry-content site-background'><div class='av-inner-masonry-content-pos'><div class='av-inner-masonry-content-pos-content'><div class='avia-arrow'><\/div><h3 class='av-masonry-entry-title entry-title '  itemprop=\"headline\" >Beratung<\/h3><\/div><\/div><\/figcaption><\/figure><\/a><!--end av-masonry entry--><a href=\"https:\/\/mira-care.de\/?portfolio=mental-health\" id='av-masonry-1-item-365' data-av-masonry-item='365' class='av-masonry-entry isotope-item post-365 portfolio type-portfolio status-publish has-post-thumbnail hentry portfolio_entries-service  av-masonry-item-with-image av-grid-img' title=\"Stack of hands. Unity and teamwork concept.\"  itemscope=\"itemscope\" itemtype=\"https:\/\/schema.org\/CreativeWork\" ><div class='av-inner-masonry-sizer'><\/div><figure class='av-inner-masonry main_color'><div class=\"av-masonry-outerimage-container\"><div class=\"av-masonry-image-container\" style=\"background-image: url(https:\/\/mira-care.de\/wp-content\/uploads\/2016\/05\/112015524_s-1.jpg);\" title=\"Stack of hands. Unity and teamwork concept.\" ><\/div><\/div><figcaption class='av-inner-masonry-content site-background'><div class='av-inner-masonry-content-pos'><div class='av-inner-masonry-content-pos-content'><div class='avia-arrow'><\/div><h3 class='av-masonry-entry-title entry-title '  itemprop=\"headline\" >Kooperationen<\/h3><\/div><\/div><\/figcaption><\/figure><\/a><!--end av-masonry entry--><\/div><div class='av-masonry-pagination av-masonry-pagination-pagination'><nav class='pagination'><span class='pagination-meta'>Seite 1 von 0<\/span><\/nav>\n<\/div><\/div><\/p>\n<div id='av_section_2'  class='avia-section main_color avia-section-default avia-no-border-styling  avia-bg-style-scroll  avia-builder-el-12  el_after_av_masonry_entries  avia-builder-el-last   container_wrap sidebar_right' style=' '  ><div class='container' ><div class='template-page content  av-content-small alpha units'><div class='post-entry post-entry-type-page post-entry-257'><div class='entry-content-wrapper clearfix'><\/div><\/div><\/div><!-- close content main div --><\/div><\/div><div id='after_section_2'  class='main_color av_default_container_wrap container_wrap sidebar_right' style=' '  ><div class='container' ><div class='template-page content  av-content-small alpha units'><div class='post-entry post-entry-type-page post-entry-257'><div class='entry-content-wrapper clearfix'>\n","protected":false},"excerpt":{"rendered":"","protected":false},"author":1,"featured_media":0,"parent":0,"menu_order":0,"comment_status":"closed","ping_status":"closed","template":"","meta":{"footnotes":""},"class_list":["post-257","page","type-page","status-publish","hentry"],"_links":{"self":[{"href":"https:\/\/mira-care.de\/index.php?rest_route=\/wp\/v2\/pages\/257","targetHints":{"allow":["GET"]}}],"collection":[{"href":"https:\/\/mira-care.de\/index.php?rest_route=\/wp\/v2\/pages"}],"about":[{"href":"https:\/\/mira-care.de\/index.php?rest_route=\/wp\/v2\/types\/page"}],"author":[{"embeddable":true,"href":"https:\/\/mira-care.de\/index.php?rest_route=\/wp\/v2\/users\/1"}],"replies":[{"embeddable":true,"href":"https:\/\/mira-care.de\/index.php?rest_route=%2Fwp%2Fv2%2Fcomments&post=257"}],"version-history":[{"count":18,"href":"https:\/\/mira-care.de\/index.php?rest_route=\/wp\/v2\/pages\/257\/revisions"}],"predecessor-version":[{"id":1289,"href":"https:\/\/mira-care.de\/index.php?rest_route=\/wp\/v2\/pages\/257\/revisions\/1289"}],"wp:attachment":[{"href":"https:\/\/mira-care.de\/index.php?rest_route=%2Fwp%2Fv2%2Fmedia&parent=257"}],"curies":[{"name":"wp","href":"https:\/\/api.w.org\/{rel}","templated":true}]}}