{"id":143,"date":"2016-05-19T17:13:20","date_gmt":"2016-05-19T17:13:20","guid":{"rendered":"http:\/\/test.kriesi.at\/enfold-health-coach\/?page_id=143"},"modified":"2025-06-21T19:27:21","modified_gmt":"2025-06-21T17:27:21","slug":"home","status":"publish","type":"page","link":"https:\/\/mira-care.de\/","title":{"rendered":"Home"},"content":{"rendered":"<div id='fullscreen_slider_1'  class='avia-fullscreen-slider main_color   avia-builder-el-0  el_before_av_hr  avia-builder-el-first   container_wrap sidebar_right' style=' '  ><a href='#next-section' title='' class='scroll-down-link av-control-default' aria-hidden='true' data-av_icon='\ue877' data-av_iconfont='entypo-fontello'><\/a><div   data-size='no scaling'  data-lightbox_size='large'  data-animation='fade'  data-conditional_play=''  data-ids='390'  data-video_counter='0'  data-autoplay='true'  data-bg_slider='true'  data-slide_height='100'  data-handle='av_fullscreen'  data-interval='7'  data-class=' '  data-el_id=''  data-css_id='fullscreen_slider_1'  data-scroll_down='aviaTBscroll_down'  data-control_layout='av-control-default'  data-custom_markup=''  data-perma_caption='aviaTBperma_caption'  data-autoplay_stopper=''  data-image_attachment=''  data-min_height='0px'  data-stretch=''  class='avia-slideshow avia-slideshow-1 av-slider-scroll-down-active av-control-default av-default-height-applied avia-slideshow-no scaling av_fullscreen   avia-fade-slider '  itemprop=\"image\" itemscope=\"itemscope\" itemtype=\"https:\/\/schema.org\/ImageObject\" ><ul class='avia-slideshow-inner ' style='padding-bottom: 35%;' ><li style='background-position:bottom center;' data-img-url='https:\/\/mira-care.de\/wp-content\/uploads\/2020\/08\/altenpflege.jpg' class=' av-single-slide slide-1 ' ><div data-rel='slideshow-1' class='avia-slide-wrap '   ><\/div><\/li><\/ul><div class = \"caption_fullwidth av-slideshow-caption caption_center\"><div class = \"container caption_container\"><div class = \"slideshow_caption\"><div class = \"slideshow_inner_caption\"><div class = \"slideshow_align_caption\"><div class='avia-caption-content  av-mini-font-size-overwrite av-mini-font-size-40 av_inherit_color'  itemprop=\"description\"   style='font-size:55px; '><p><font color=\"35818C\"><u>Mira-Care<\/u><\/font>, t\u00e4glich eine Handvoll <font color=\"35818C\"><u>Pflege<\/u> <\/font><\/p>\n<\/div><\/div><\/div><\/div><\/div><\/div><\/div><\/div><div id='after_full_slider_1'  class='main_color av_default_container_wrap container_wrap sidebar_right' style=' '  ><div class='container' ><div class='template-page content  av-content-small alpha units'><div class='post-entry post-entry-type-page post-entry-143'><div class='entry-content-wrapper clearfix'>\n<div   class='hr hr-full hr-shadow   avia-builder-el-1  el_after_av_fullscreen  el_before_av_layout_row  avia-builder-el-no-sibling '><span class='hr-inner ' ><span class='hr-inner-style'><\/span><\/span><\/div>\n<\/div><\/div><\/div><!-- close content main div --><\/div><\/div><div id='hello'  class='av-layout-grid-container entry-content-wrapper main_color av-flex-cells     avia-builder-el-2  el_after_av_hr  el_before_av_section  submenu-not-first container_wrap sidebar_right' style=' '  >\n<div class=\"flex_cell no_margin av_one_half  avia-builder-el-3  el_before_av_cell_one_half  avia-builder-el-first   \"  style='vertical-align:top; padding:100px; ' ><div class='flex_cell_inner' ><p><div  style='padding-bottom:30px; font-size:70px;' class='av-special-heading av-special-heading-h1  blockquote modern-quote  avia-builder-el-4  el_before_av_textblock  avia-builder-el-first  av-inherit-size '><h1 class='av-special-heading-tag '  itemprop=\"headline\"  ><u>Mira-Care<\/u> <\/h1><div class='special-heading-border'><div class='special-heading-inner-border' ><\/div><\/div><\/div><br \/>\n<section class=\"av_textblock_section \"  itemscope=\"itemscope\" itemtype=\"https:\/\/schema.org\/CreativeWork\" ><div class='avia_textblock  '   itemprop=\"text\" ><div class=\"module module-text tb_6z82261 repeat \">\n<div class=\"tb_text_wrap\">\n<h4><\/h4>\n<\/div>\n<\/div>\n<div class=\"themify_builder_sub_row module_subrow clearfix sub_row_1-0-2 tb_7f66a33\">\n<div class=\"subrow_inner col_align_top\">\n<div class=\"sub_column module_column col2-1 first sub_column_post_646 sub_column_1-0-2-0 tb_5f4fea0\">\n<div class=\"tb-column-inner\">\n<div class=\"module module-text tb_a5c5519 repeat \">\n<div class=\"tb_text_wrap\">\n<p>Zuhause ist dort, wo wir Geborgenheit sp\u00fcren. Wir helfen Ihnen, dieses Gef\u00fchl auch in schwierigen Zeiten zu bewahren. Wir unterst\u00fctzen Sie bei Pflege, Krankheit, Behinderung oder einfach im t\u00e4glichen Leben \u2013 damit Sie sich weiterhin sicher und wohl f\u00fchlen<\/p>\n<p>Ihr Wohlbefinden liegt uns am Herzen<\/p>\n<\/div>\n<\/div>\n<div class=\"module module-text tb_a5c5519 repeat \">\n<div class=\"tb_text_wrap\"><\/div>\n<\/div>\n<\/div>\n<\/div>\n<\/div>\n<\/div>\n<\/div><\/section><br \/>\n<div  style='height:20px' class='hr hr-invisible   avia-builder-el-6  el_after_av_textblock  avia-builder-el-last '><span class='hr-inner ' ><span class='hr-inner-style'><\/span><\/span><\/div><\/p>\n<\/div><\/div><div class=\"flex_cell no_margin av_one_half  avia-builder-el-7  el_after_av_cell_one_half  avia-builder-el-last   avia-full-stretch \"  style='background: #5e2028; vertical-align:top; padding:100px; background-color:#5e2028; ' ><div class='flex_cell_inner' ><p><div  style='padding-bottom:30px; color:#ffffff;font-size:70px;' class='av-special-heading av-special-heading-h1 custom-color-heading blockquote modern-quote  avia-builder-el-8  el_before_av_one_full  avia-builder-el-first  av-inherit-size '><h1 class='av-special-heading-tag '  itemprop=\"headline\"  >Pflegedienst<\/h1><div class='special-heading-border'><div class='special-heading-inner-border' style='border-color:#ffffff'><\/div><\/div><\/div><br \/>\n<div class=\"flex_column av_one_full  flex_column_div av-zero-column-padding first  avia-builder-el-9  el_after_av_heading  avia-builder-el-last  \" style='border-radius:0px; '><section class=\"av_textblock_section \"  itemscope=\"itemscope\" itemtype=\"https:\/\/schema.org\/CreativeWork\" ><div class='avia_textblock  av_inherit_color '  style='color:#ffffff; '  itemprop=\"text\" ><div class=\"module module-text tb_n9pt644 repeat \">\n<p>Unsere Mitarbeiter verf\u00fcgen \u00fcber medizinische und pflegerische Berufserfahrung im Gesundheitswesen und werden ihren Kompetenzen entsprechend eingesetzt. Wir sind flexibel, ausgebildet, kompetent und lieben was wir tun.<\/p>\n<p>Wir sind gern f\u00fcr Sie da<\/p>\n<\/div>\n<\/div><\/section><\/div><\/p>\n<\/div><\/div>\n<\/div>\n<div id='av_section_1'  class='avia-section main_color avia-section-default avia-no-shadow  avia-bg-style-scroll  avia-builder-el-11  el_after_av_layout_row  el_before_av_hr   container_wrap sidebar_right' style=' '  ><div class='container' ><div class='template-page content  av-content-small alpha units'><div class='post-entry post-entry-type-page post-entry-143'><div class='entry-content-wrapper clearfix'>\n<div class=\"flex_column av_one_third  flex_column_div av-zero-column-padding first  avia-builder-el-12  el_before_av_one_third  avia-builder-el-first  \" style='border-radius:0px; '><article  class=\"iconbox iconbox_left_content    avia-builder-el-13  avia-builder-el-no-sibling  \"  itemscope=\"itemscope\" itemtype=\"https:\/\/schema.org\/CreativeWork\" ><div class=\"iconbox_icon heading-color \" aria-hidden='true' data-av_icon='\ue80b' data-av_iconfont='entypo-fontello'  ><\/div><div class=\"iconbox_content\"><header class=\"entry-content-header\"><h3 class='iconbox_content_title  '  itemprop=\"headline\"  >Verbindlichkeit<\/h3><\/header><div class='iconbox_content_container  '  itemprop=\"text\"  ><div class=\"iconbox_content_container \">\n<p>Was wir sagen, halten wir gewissenhaft.<\/p>\n<\/div>\n<\/div><\/div><footer class=\"entry-footer\"><\/footer><\/article><\/div><div class=\"flex_column av_one_third  flex_column_div av-zero-column-padding   avia-builder-el-14  el_after_av_one_third  el_before_av_one_third  \" style='border-radius:0px; '><article  class=\"iconbox iconbox_left_content    avia-builder-el-15  avia-builder-el-no-sibling  \"  itemscope=\"itemscope\" itemtype=\"https:\/\/schema.org\/CreativeWork\" ><div class=\"iconbox_icon heading-color \" aria-hidden='true' data-av_icon='\ue8c9' data-av_iconfont='entypo-fontello'  ><\/div><div class=\"iconbox_content\"><header class=\"entry-content-header\"><h3 class='iconbox_content_title  '  itemprop=\"headline\"  >Fachkompetenz<\/h3><\/header><div class='iconbox_content_container  '  itemprop=\"text\"  ><div class=\"iconbox_content_container \">\n<p>Pflege mit Wissen, Erfahrung und Herz.<\/p>\n<\/div>\n<\/div><\/div><footer class=\"entry-footer\"><\/footer><\/article><\/div><div class=\"flex_column av_one_third  flex_column_div av-zero-column-padding   avia-builder-el-16  el_after_av_one_third  el_before_av_one_third  \" style='border-radius:0px; '><article  class=\"iconbox iconbox_left_content    avia-builder-el-17  avia-builder-el-no-sibling  \"  itemscope=\"itemscope\" itemtype=\"https:\/\/schema.org\/CreativeWork\" ><div class=\"iconbox_icon heading-color \" aria-hidden='true' data-av_icon='\ue806' data-av_iconfont='entypo-fontello'  ><\/div><div class=\"iconbox_content\"><header class=\"entry-content-header\"><h3 class='iconbox_content_title  '  itemprop=\"headline\"  >W\u00fcrde & Respekt<\/h3><\/header><div class='iconbox_content_container  '  itemprop=\"text\"  ><p>Jeder Mensch verdient respektvolle Zuwendung.<\/p>\n<\/div><\/div><footer class=\"entry-footer\"><\/footer><\/article><\/div><div class=\"flex_column av_one_third  flex_column_div av-zero-column-padding first  avia-builder-el-18  el_after_av_one_third  el_before_av_one_third  column-top-margin\" style='border-radius:0px; '><article  class=\"iconbox iconbox_left_content    avia-builder-el-19  avia-builder-el-no-sibling  \"  itemscope=\"itemscope\" itemtype=\"https:\/\/schema.org\/CreativeWork\" ><div class=\"iconbox_icon heading-color \" aria-hidden='true' data-av_icon='\ue82b' data-av_iconfont='entypo-fontello'  ><\/div><div class=\"iconbox_content\"><header class=\"entry-content-header\"><h3 class='iconbox_content_title  '  itemprop=\"headline\"  >Vertrauensvolle N\u00e4he<\/h3><\/header><div class='iconbox_content_container  '  itemprop=\"text\"  ><p>wir begleiten, nicht nur versorgen<\/p>\n<\/div><\/div><footer class=\"entry-footer\"><\/footer><\/article><\/div><div class=\"flex_column av_one_third  flex_column_div av-zero-column-padding   avia-builder-el-20  el_after_av_one_third  el_before_av_one_third  column-top-margin\" style='border-radius:0px; '><article  class=\"iconbox iconbox_left_content    avia-builder-el-21  avia-builder-el-no-sibling  \"  itemscope=\"itemscope\" itemtype=\"https:\/\/schema.org\/CreativeWork\" ><div class=\"iconbox_icon heading-color \" aria-hidden='true' data-av_icon='\ue807' data-av_iconfont='entypo-fontello'  ><\/div><div class=\"iconbox_content\"><header class=\"entry-content-header\"><h3 class='iconbox_content_title  '  itemprop=\"headline\"  >Einf\u00fchlsamkeit<\/h3><\/header><div class='iconbox_content_container  '  itemprop=\"text\"  ><p>Wir h\u00f6ren zu und handeln mit Gef\u00fchl.<\/p>\n<\/div><\/div><footer class=\"entry-footer\"><\/footer><\/article><\/div><div class=\"flex_column av_one_third  flex_column_div av-zero-column-padding   avia-builder-el-22  el_after_av_one_third  avia-builder-el-last  column-top-margin\" style='border-radius:0px; '><article  class=\"iconbox iconbox_left_content    avia-builder-el-23  avia-builder-el-no-sibling  \"  itemscope=\"itemscope\" itemtype=\"https:\/\/schema.org\/CreativeWork\" ><div class=\"iconbox_icon heading-color \" aria-hidden='true' data-av_icon='\ue854' data-av_iconfont='entypo-fontello'  ><\/div><div class=\"iconbox_content\"><header class=\"entry-content-header\"><h3 class='iconbox_content_title  '  itemprop=\"headline\"  >Verl\u00e4ssliche Pr\u00e4senz<\/h3><\/header><div class='iconbox_content_container  '  itemprop=\"text\"  ><p>Immer da, wenn wir gebraucht werden.<\/p>\n<\/div><\/div><footer class=\"entry-footer\"><\/footer><\/article><\/div>\n<\/div><\/div><\/div><!-- close content main div --><\/div><\/div><div id='after_section_1'  class='main_color av_default_container_wrap container_wrap sidebar_right' style=' '  ><div class='container' ><div class='template-page content  av-content-small alpha units'><div class='post-entry post-entry-type-page post-entry-143'><div class='entry-content-wrapper clearfix'>\n<div   class='hr hr-full hr-shadow   avia-builder-el-24  el_after_av_section  el_before_av_layout_row  avia-builder-el-no-sibling '><span class='hr-inner ' ><span class='hr-inner-style'><\/span><\/span><\/div>\n<\/div><\/div><\/div><!-- close content main div --><\/div><\/div><div id='welcome'  class='av-layout-grid-container entry-content-wrapper main_color av-fixed-cells     avia-builder-el-25  el_after_av_hr  el_before_av_masonry_entries  submenu-not-first container_wrap sidebar_right' style=' '  >\n<div class=\"flex_cell no_margin av_one_full  avia-builder-el-26  avia-builder-el-no-sibling   \"  style='height:15px; min-height:15px;background: #5e2028; vertical-align:middle; padding:50px 20px 50px 20px ; background-color:#5e2028; ' ><div class='flex_cell_inner' ><div  style='padding-bottom:0px; color:#ffffff;font-size:50px;' class='av-special-heading av-special-heading-h1 custom-color-heading blockquote modern-quote modern-centered  avia-builder-el-27  avia-builder-el-no-sibling  av-inherit-size '><h1 class='av-special-heading-tag '  itemprop=\"headline\"  >Unsere Leistungen<\/h1><div class='special-heading-border'><div class='special-heading-inner-border' style='border-color:#ffffff'><\/div><\/div><\/div>\n<\/div><\/div>\n<\/div>\n<div id='av-masonry-1' class='av-masonry  noHover av-fixed-size av-large-gap av-hover-overlay-active av-masonry-animation-active av-masonry-col-3 av-caption-on-hover-hide av-caption-style-overlay    ' style='background-color:#ffffff; ' ><div class='av-masonry-container isotope av-js-disabled ' ><div class='av-masonry-entry isotope-item av-masonry-item-no-image '><\/div><a href=\"https:\/\/mira-care.de\/?portfolio=physical-health\" id='av-masonry-1-item-363' data-av-masonry-item='363' class='av-masonry-entry isotope-item post-363 portfolio type-portfolio status-publish has-post-thumbnail hentry portfolio_entries-service  av-masonry-item-with-image av-grid-img' title=\"Nursing Woman hugging senior citizen on home visit\"  itemscope=\"itemscope\" itemtype=\"https:\/\/schema.org\/CreativeWork\" ><div class='av-inner-masonry-sizer'><\/div><figure class='av-inner-masonry main_color'><div class=\"av-masonry-outerimage-container\"><div class=\"av-masonry-image-container\" style=\"background-image: url(https:\/\/mira-care.de\/wp-content\/uploads\/2016\/05\/93640483_m-705x470.jpg);\" title=\"Nursing Woman hugging senior citizen on home visit\" ><\/div><\/div><figcaption class='av-inner-masonry-content site-background'><div class='av-inner-masonry-content-pos'><div class='av-inner-masonry-content-pos-content'><div class='avia-arrow'><\/div><h3 class='av-masonry-entry-title entry-title '  itemprop=\"headline\" >Pflege<\/h3><\/div><\/div><\/figcaption><\/figure><\/a><!--end av-masonry entry--><a href=\"https:\/\/mira-care.de\/?portfolio=nutrition\" id='av-masonry-1-item-364' data-av-masonry-item='364' class='av-masonry-entry isotope-item post-364 portfolio type-portfolio status-publish has-post-thumbnail hentry portfolio_entries-service  av-masonry-item-with-image av-grid-img' title=\"Senior Couple Discussing Something to an Agent\"  itemscope=\"itemscope\" itemtype=\"https:\/\/schema.org\/CreativeWork\" ><div class='av-inner-masonry-sizer'><\/div><figure class='av-inner-masonry main_color'><div class=\"av-masonry-outerimage-container\"><div class=\"av-masonry-image-container\" style=\"background-image: url(https:\/\/mira-care.de\/wp-content\/uploads\/2016\/05\/41689841_m-705x470.jpg);\" title=\"Senior Couple Discussing Something to an Agent\" ><\/div><\/div><figcaption class='av-inner-masonry-content site-background'><div class='av-inner-masonry-content-pos'><div class='av-inner-masonry-content-pos-content'><div class='avia-arrow'><\/div><h3 class='av-masonry-entry-title entry-title '  itemprop=\"headline\" >Beratung<\/h3><\/div><\/div><\/figcaption><\/figure><\/a><!--end av-masonry entry--><a href=\"https:\/\/mira-care.de\/?portfolio=mental-health\" id='av-masonry-1-item-365' data-av-masonry-item='365' class='av-masonry-entry isotope-item post-365 portfolio type-portfolio status-publish has-post-thumbnail hentry portfolio_entries-service  av-masonry-item-with-image av-grid-img' title=\"Stack of hands. Unity and teamwork concept.\"  itemscope=\"itemscope\" itemtype=\"https:\/\/schema.org\/CreativeWork\" ><div class='av-inner-masonry-sizer'><\/div><figure class='av-inner-masonry main_color'><div class=\"av-masonry-outerimage-container\"><div class=\"av-masonry-image-container\" style=\"background-image: url(https:\/\/mira-care.de\/wp-content\/uploads\/2016\/05\/112015524_s-1.jpg);\" title=\"Stack of hands. Unity and teamwork concept.\" ><\/div><\/div><figcaption class='av-inner-masonry-content site-background'><div class='av-inner-masonry-content-pos'><div class='av-inner-masonry-content-pos-content'><div class='avia-arrow'><\/div><h3 class='av-masonry-entry-title entry-title '  itemprop=\"headline\" >Kooperationen<\/h3><\/div><\/div><\/figcaption><\/figure><\/a><!--end av-masonry entry--><\/div><div class='av-masonry-pagination av-masonry-pagination-pagination'><nav class='pagination'><span class='pagination-meta'>Seite 1 von 0<\/span><\/nav>\n<\/div><\/div>\n<div id='av_section_2'  class='avia-section alternate_color avia-section-huge avia-no-border-styling  avia-full-stretch av-section-color-overlay-active avia-bg-style-fixed  avia-builder-el-29  el_after_av_masonry_entries  avia-builder-el-last   container_wrap sidebar_right' style='background-repeat: no-repeat; background-image: url(https:\/\/mira-care.de\/wp-content\/uploads\/2016\/05\/104117478_m-1024x341.jpg);background-attachment: fixed; background-position: center center;  '  data-section-bg-repeat='stretch'><div class='av-section-color-overlay-wrap'><div class='av-section-color-overlay' style='opacity: 0.8; background-color: #000000; '><\/div><div class='container' ><div class='template-page content  av-content-small alpha units'><div class='post-entry post-entry-type-page post-entry-143'><div class='entry-content-wrapper clearfix'>\n<div class=\"flex_column av_one_full  flex_column_div av-zero-column-padding first  avia-builder-el-30  avia-builder-el-no-sibling  \" style='border-radius:0px; '><p><div  style='padding-bottom:20px; font-size:50px;' class='av-special-heading av-special-heading-h1  blockquote modern-quote modern-centered  avia-builder-el-31  el_before_av_hr  avia-builder-el-first  av-inherit-size '><h1 class='av-special-heading-tag '  itemprop=\"headline\"  >Mira &#8211; Care <\/h1><div class ='av-subheading av-subheading_below  ' style='font-size:15px;'><p><b>Ihr zuverl\u00e4ssiger Pflegedienst<\/p>\n<p>Rufen Sie uns an \u2013 wir beraten Sie pers\u00f6nlich und unverbindlich<\/p>\n<\/div><div class='special-heading-border'><div class='special-heading-inner-border' ><\/div><\/div><\/div><br \/>\n<div  style='height:20px' class='hr hr-invisible   avia-builder-el-32  el_after_av_heading  el_before_av_button '><span class='hr-inner ' ><span class='hr-inner-style'><\/span><\/span><\/div><br \/>\n<div  class='avia-button-wrap avia-button-center  avia-builder-el-33  el_after_av_hr  avia-builder-el-last ' ><a href='https:\/\/mira-care.de\/?page_id=255'  class='avia-button av-icon-on-hover  avia-icon_select-yes-right-icon avia-color-light avia-size-large avia-position-center '   ><span class='avia_iconbox_title' >Kontakt<\/span><span class='avia_button_icon avia_button_icon_right' aria-hidden='true' data-av_icon='\ue879' data-av_iconfont='entypo-fontello'><\/span><\/a><\/div><\/p><\/div>\n<\/div><\/div><\/div><!-- close content main div --><\/div><\/div><\/div><div id='after_section_2'  class='main_color av_default_container_wrap container_wrap sidebar_right' style=' '  ><div class='container' ><div class='template-page content  av-content-small alpha units'><div class='post-entry post-entry-type-page post-entry-143'><div class='entry-content-wrapper clearfix'>\n","protected":false},"excerpt":{"rendered":"","protected":false},"author":1,"featured_media":0,"parent":0,"menu_order":0,"comment_status":"closed","ping_status":"closed","template":"","meta":{"footnotes":""},"class_list":["post-143","page","type-page","status-publish","hentry"],"_links":{"self":[{"href":"https:\/\/mira-care.de\/index.php?rest_route=\/wp\/v2\/pages\/143","targetHints":{"allow":["GET"]}}],"collection":[{"href":"https:\/\/mira-care.de\/index.php?rest_route=\/wp\/v2\/pages"}],"about":[{"href":"https:\/\/mira-care.de\/index.php?rest_route=\/wp\/v2\/types\/page"}],"author":[{"embeddable":true,"href":"https:\/\/mira-care.de\/index.php?rest_route=\/wp\/v2\/users\/1"}],"replies":[{"embeddable":true,"href":"https:\/\/mira-care.de\/index.php?rest_route=%2Fwp%2Fv2%2Fcomments&post=143"}],"version-history":[{"count":56,"href":"https:\/\/mira-care.de\/index.php?rest_route=\/wp\/v2\/pages\/143\/revisions"}],"predecessor-version":[{"id":1282,"href":"https:\/\/mira-care.de\/index.php?rest_route=\/wp\/v2\/pages\/143\/revisions\/1282"}],"wp:attachment":[{"href":"https:\/\/mira-care.de\/index.php?rest_route=%2Fwp%2Fv2%2Fmedia&parent=143"}],"curies":[{"name":"wp","href":"https:\/\/api.w.org\/{rel}","templated":true}]}}